{"id":1994,"date":"2015-03-26T12:58:51","date_gmt":"2015-03-26T17:58:51","guid":{"rendered":"http:\/\/rhythmwp.wpengine.com\/?page_id=1994"},"modified":"2024-05-06T14:04:04","modified_gmt":"2024-05-06T19:04:04","slug":"contact","status":"publish","type":"page","link":"https:\/\/www.zonesismique.com\/portfolio\/contact\/","title":{"rendered":"Contact"},"content":{"rendered":"<section  class=\"content-section full-width with-col cover custom-padding rella-no-margin    content-section-69e0d5e6bf207\"><div class=\"row vc_row-fluid\"><div class=\"wpb_column col-md-12\"><h2  class=\"section-title  mb-70 mb-sm-40 font-alt align-center\" >Nous joindre<\/h2><\/div><\/div><\/section><section  id=\"row-contact-info\" class=\"content-section full-width with-col cover pb-70 pb-xs-50 rella-no-margin    content-section-69e0d5e6bf377\"><div class=\"row vc_row-fluid\"><div class=\"wpb_column col-md-4 wow fadeInLeft\" data-wow-delay=\"0.2s\"><div  class=\"alt-features-item align-center\"><div class=\"alt-features-icon\" ><span class=\"icon-phone\"><\/span><\/div><h3 class=\"alt-features-title font-alt\" >T\u00e9l\u00e9phone<\/h3><div class=\"alt-features-descr align-center\" >514 927-2105<\/div><\/div><div  class=\"clear rs-space\" style=\"height:25px;\"><\/div><\/div><div class=\"wpb_column col-md-4 wow fadeInUp\" data-wow-delay=\"0.2s\"><a class=\"alt-features-link\" href=\"https:\/\/www.google.ca\/maps\/place\/Zone+Sismique\/@45.5783067,-73.9044067,17z\/data=!3m1!4b1!4m2!3m1!1s0x4cc92f6ea8d97f27:0xb56a182f3e928850!6m1!1e1?hl=fr%20_blank\" target=\"_blank\" title=\"Ouvrir dans google maps\"><div  class=\"alt-features-item align-center\"><div class=\"alt-features-icon\" ><span class=\"icon-map-pin\"><\/span><\/div><h3 class=\"alt-features-title font-alt\" >ADRESSE<\/h3><div class=\"alt-features-descr align-center\" >604 boul. Industriel,\nSt-Eustache, Qc, Canada,\nJ7R5V3<\/div><\/div><\/a><div  class=\"clear rs-space\" style=\"height:25px;\"><\/div><\/div><div class=\"wpb_column col-md-4 wow fadeInRight\" data-wow-delay=\"0.2s\"><div  id=\"icon-email\" class=\"full-block align-center\" ><img decoding=\"async\"  src=\"https:\/\/www.zonesismique.com\/portfolio\/wp-content\/uploads\/2015\/03\/icon-email.svg\"  alt=\"\" title=\"\" \/><\/div><h2  id=\"titre-email\" class=\"section-title  mb-70 mb-sm-40 font-alt align-center\" style=\"font-size:14px;margin-top:32px;margin-bottom:20px;\">Courriel<\/h2><div class=\"section-text text-block align-center\"  id=\"texte-mail-to\"style=\"color:#777777;\"><p style=\"text-align: center\"><a href=\"mailto:carlplante@zonesismique.com\">carlplante@zonesismique.com<\/a><\/p>\n<\/div><div  class=\"clear rs-space\" style=\"height:25px;\"><\/div><\/div><\/div><\/section><section  class=\"content-section full-width is-fluid cover rella-no-padding rella-no-margin    content-section-69e0d5e6bfb46\"><div class=\"row vc_row-fluid\"><div class=\"wpb_column col-md-12\"><hr  class=\"ts-divider\"><\/div><\/div><\/section><section  class=\"content-section full-width with-col cover pt-70 pb-70 pt-xs-50 pb-xs-50 rella-no-margin    content-section-69e0d5e6bfc5e\"><div class=\"row vc_row-fluid\"><div class=\"wpb_column col-md-2\"><\/div><div class=\"wpb_column col-md-8\"><h2  class=\"section-title  mb-70 mb-sm-40 font-alt align-center\" >Contactez-nous<\/h2><div class=\"section-text text-block \" ><p style=\"text-align: center\">Nous serions heureux de discuter et de r\u00e9pondre \u00e0 vos questions, ainsi que de prendre le temps n\u00e9cessaire pour discuter de votre projet afin de cr\u00e9er un plan \u00e0 toute \u00e9preuve, et de rendre votre projet distingu\u00e9 gr\u00e2ce \u00e0 la 3D.<\/p>\n<\/div><div  class=\"clear rs-space\" style=\"height:25px;\"><\/div><\/div><div class=\"wpb_column col-md-2\"><\/div><\/div><\/section><section  class=\"content-section full-width is-fluid cover rella-no-padding rella-no-margin    content-section-69e0d5e6bfe74\"><div class=\"row vc_row-fluid\"><div class=\"wpb_column col-md-12\">[vc_gmaps link=\u00a0\u00bb#E-8_JTNDaWZyYW1lJTIwc3JjJTNEJTIyaHR0cHMlM0ElMkYlMkZ3d3cuZ29vZ2xlLmNvbSUyRm1hcHMlMkZlbWJlZCUzRnBiJTNEJTIxMW0xNCUyMTFtOCUyMTFtMyUyMTFkMTc0My4wMzYyMzI4OTk5MTMzJTIxMmQtNzMuOTIyMjEwNDI3MDg4NDclMjEzZDQ1LjU1NzEwMDAxNjgyOTk0JTIxM20yJTIxMWkxMDI0JTIxMmk3NjglMjE0ZjEzLjElMjEzbTMlMjExbTIlMjExczB4NGNjOTJmNmVhOGQ5N2YyNyUyNTNBMHhiNTZhMTgyZjNlOTI4ODUwJTIxMnNab25lJTI1MjBTaXNtaXF1ZSUyMTVlMCUyMTNtMiUyMTFzZW4lMjEyc3VzJTIxNHYxNzE1MDIxOTI2MjcyJTIxNW0yJTIxMXNlbiUyMTJzdXMlMjIlMjB3aWR0aCUzRCUyMjEwMCUyNSUyMiUyMGhlaWdodCUzRCUyMjUwMCUyMiUyMGFsbG93ZnVsbHNjcmVlbiUzRCUyMiUyMiUyMHJlZmVycmVycG9saWN5JTNEJTIybm8tcmVmZXJyZXItd2hlbi1kb3duZ3JhZGUlMjIlM0UlM0MlMkZpZnJhbWUlM0U=\u00a0\u00bb]<\/div><\/div><\/section><section  class=\"content-section full-width with-col cover rella-no-padding rella-no-margin    content-section-69e0d5e6bff30\"><div class=\"row vc_row-fluid\"><div class=\"wpb_column col-md-12\">[vc_wp_text]\n            <div \n                class=\"elfsight-widget-facebook-chat elfsight-widget\" \n                data-elfsight-facebook-chat-options=\"%7B%22userAccessToken%22%3A%22EAADQZAoJZBZBH0BAGn0LYNZBHcnh86z5zZAIDzp8oXDR3Uxd3F2DHMQEju9kZAE3ZCSdUIEM8h3agJqyCv6kLhEb553sRuSdl2r2CNZAnhZBNGZBUSNfVmbTjUEE9hUKJcUjoR8cbgW0MKqT6Vx7V1Ro16re4HsLuPqK4ZD%22%2C%22page%22%3A%7B%22name%22%3A%22Zone%20Sismique%22%2C%22value%22%3A%22130529633737212%22%2C%22link%22%3A%22https%3A%5C%2F%5C%2Fwww.facebook.com%5C%2Fzonesismique%5C%2F%22%2C%22picture%22%3A%7B%22data%22%3A%7B%22height%22%3A50%2C%22is_silhouette%22%3Afalse%2C%22url%22%3A%22https%3A%5C%2F%5C%2Fscontent.xx.fbcdn.net%5C%2Fv%5C%2Ft31.0-1%5C%2Fcp0%5C%2Fp50x50%5C%2F26232418_1404603582996471_7722616971736884331_o.jpg%3F_nc_cat%3D104%26_nc_sid%3Ddbb9e7%26_nc_ohc%3DyZElQcOS5YUAX_LDEWv%26_nc_ht%3Dscontent.xx%26oh%3Dd91abed879bc28cc3ad1d03921fff68f%26oe%3D5E803AF6%22%2C%22width%22%3A50%7D%7D%7D%2C%22bubbleIcon%22%3A%22dialog%22%2C%22bubbleText%22%3A%22%22%2C%22picture%22%3A%22facebook%22%2C%22pictureLibrary%22%3A%7B%22photo%22%3A%22%22%7D%2C%22pictureCustom%22%3A%22%22%2C%22name%22%3A%22%22%2C%22nameCaptionType%22%3A%22custom%22%2C%22nameCaptionReplyTime%22%3A%22Typically%20replies%20within%20an%20hour%22%2C%22nameCaptionCustom%22%3A%22R%5Cu00e9pond%20g%5Cu00e9n%5Cu00e9ralement%20dans%20l%5Cu2019heure%22%2C%22welcomeMessage%22%3A%22Bonjour%20%21%26nbsp%3B%3Cbr%3EComment%20pouvons-nous%20vous%20aider%20aujourd%27hui%20%3F%22%2C%22buttonText%22%3A%22Envoyer%20un%20message%22%2C%22buttonIconVisible%22%3Atrue%2C%22position%22%3A%22floating%22%2C%22align%22%3A%22right%22%2C%22whereToDisplayChat%22%3A%22specificPages%22%2C%22excludedPages%22%3A%5B%5D%2C%22specificPages%22%3A%5B%7B%22url%22%3A%22https%3A%5C%2F%5C%2Fwww.zonesismique.com%5C%2Fportfolio%5C%2Ftest-2%5C%2F%22%7D%2C%7B%22url%22%3A%22https%3A%5C%2F%5C%2Fwww.zonesismique.com%5C%2Fportfolio%5C%2Fcontact%5C%2F%22%7D%2C%7B%22url%22%3A%22https%3A%5C%2F%5C%2Fwww.zonesismique.com%5C%2Fportfolio%5C%2F%22%7D%5D%2C%22devicesToDisplay%22%3A%5B%22mobile%22%2C%22desktop%22%5D%2C%22showChatTo%22%3A%22allVisitors%22%2C%22displayDays%22%3A%5B0%2C1%2C2%2C3%2C4%2C5%2C6%5D%2C%22timeSchedule%22%3Afalse%2C%22displayStartTime%22%3A%2200%3A00%22%2C%22displayEndTime%22%3A%2200%3A00%22%2C%22timeOnPage%22%3A0%2C%22timeOnSite%22%3A0%2C%22scrollPosition%22%3A0%2C%22exiIntent%22%3Afalse%2C%22notifications%22%3A%5B%22bubbleBadge%22%2C%22tabTitle%22%5D%2C%22bubbleBackgroundColor%22%3A%22rgb%28255%2C%20255%2C%20255%29%22%2C%22bubbleIconColor%22%3A%22rgb%28217%2C%2032%2C%2038%29%22%2C%22headerBackgroundColor%22%3A%22rgb%28250%2C%20250%2C%20250%29%22%2C%22buttonColor%22%3A%22rgb%28217%2C%2032%2C%2038%29%22%2C%22buttonBorderRadius%22%3A2%2C%22widgetId%22%3A%222%22%7D\" \n                data-elfsight-facebook-chat-version=\"1.1.0\"\n                data-elfsight-widget-id=\"elfsight-facebook-chat-2\">\n            <\/div>\n            [\/vc_wp_text]<\/div><\/div><\/section>\n","protected":false},"excerpt":{"rendered":"Nous joindreT\u00e9l\u00e9phone514 927-2105ADRESSE604 boul. Industriel, St-Eustache, Qc, Canada, J7R5V3Courrielcarlplante@zonesismique.com Contactez-nousNous serions heureux de discuter et de r\u00e9pondre \u00e0 vos questions, ainsi que de prendre le temps n\u00e9cessaire pour discuter de votre projet afin de cr\u00e9er un plan \u00e0 toute \u00e9preuve, et de rendre votre projet distingu\u00e9 gr\u00e2ce \u00e0 la 3D. [vc_gmaps link=\"#E-8_JTNDaWZyYW1lJTIwc3JjJTNEJTIyaHR0cHMlM0ElMkYlMkZ3d3cuZ29vZ2xlLmNvbSUyRm1hcHMlMkZlbWJlZCUzRnBiJTNEJTIxMW0xNCUyMTFtOCUyMTFtMyUyMTFkMTc0My4wMzYyMzI4OTk5MTMzJTIxMmQtNzMuOTIyMjEwNDI3MDg4NDclMjEzZDQ1LjU1NzEwMDAxNjgyOTk0JTIxM20yJTIxMWkxMDI0JTIxMmk3NjglMjE0ZjEzLjElMjEzbTMlMjExbTIlMjExczB4NGNjOTJmNmVhOGQ5N2YyNyUyNTNBMHhiNTZhMTgyZjNlOTI4ODUwJTIxMnNab25lJTI1MjBTaXNtaXF1ZSUyMTVlMCUyMTNtMiUyMTFzZW4lMjEyc3VzJTIxNHYxNzE1MDIxOTI2MjcyJTIxNW0yJTIxMXNlbiUyMTJzdXMlMjIlMjB3aWR0aCUzRCUyMjEwMCUyNSUyMiUyMGhlaWdodCUzRCUyMjUwMCUyMiUyMGFsbG93ZnVsbHNjcmVlbiUzRCUyMiUyMiUyMHJlZmVycmVycG9saWN5JTNEJTIybm8tcmVmZXJyZXItd2hlbi1kb3duZ3JhZGUlMjIlM0UlM0MlMkZpZnJhbWUlM0U=\"][vc_wp_text] [\/vc_wp_text]","protected":false},"author":1,"featured_media":0,"parent":0,"menu_order":0,"comment_status":"closed","ping_status":"closed","template":"","meta":{"_exactmetrics_skip_tracking":false,"_exactmetrics_sitenote_active":false,"_exactmetrics_sitenote_note":"","_exactmetrics_sitenote_category":0,"footnotes":""},"class_list":["post-1994","page","type-page","status-publish","hentry"],"yoast_head":"<!-- This site is optimized with the Yoast SEO plugin v25.2 - https:\/\/yoast.com\/wordpress\/plugins\/seo\/ -->\n<title>Contact - _- Zone Sismique : Design &amp; Visualisation 3d photor\u00e9aliste -_<\/title>\n<meta name=\"description\" content=\"Vous avez des questions pour Zone Sismique? Nos services en 3D photor\u00e9alistes vous int\u00e9ressent? Nous-sommes \u00e0 l&#039;\u00e9coute! Contacter-nous aujourd&#039;hui !\" \/>\n<meta name=\"robots\" content=\"index, follow, max-snippet:-1, max-image-preview:large, max-video-preview:-1\" \/>\n<link rel=\"canonical\" href=\"https:\/\/www.zonesismique.com\/portfolio\/contact\/\" \/>\n<meta property=\"og:locale\" content=\"fr_FR\" \/>\n<meta property=\"og:type\" content=\"article\" \/>\n<meta property=\"og:title\" content=\"Contact - _- Zone Sismique : Design &amp; Visualisation 3d photor\u00e9aliste -_\" \/>\n<meta property=\"og:description\" content=\"Vous avez des questions pour Zone Sismique? Nos services en 3D photor\u00e9alistes vous int\u00e9ressent? Nous-sommes \u00e0 l&#039;\u00e9coute! Contacter-nous aujourd&#039;hui !\" \/>\n<meta property=\"og:url\" content=\"https:\/\/www.zonesismique.com\/portfolio\/contact\/\" \/>\n<meta property=\"og:site_name\" content=\"_- Zone Sismique : Design &amp; Visualisation 3d photor\u00e9aliste -_\" \/>\n<meta property=\"article:publisher\" content=\"https:\/\/www.facebook.com\/zonesismique\" \/>\n<meta property=\"article:modified_time\" content=\"2024-05-06T19:04:04+00:00\" \/>\n<meta property=\"og:image\" content=\"https:\/\/www.zonesismique.com\/portfolio\/wp-content\/uploads\/2017\/04\/zone-sismique-logo-2017-entete-large2.png\" \/>\n\t<meta property=\"og:image:width\" content=\"500\" \/>\n\t<meta property=\"og:image:height\" content=\"157\" \/>\n\t<meta property=\"og:image:type\" content=\"image\/png\" \/>\n<meta name=\"twitter:card\" content=\"summary_large_image\" \/>\n<meta name=\"twitter:site\" content=\"@carlplante\" \/>\n<meta name=\"twitter:label1\" content=\"Dur\u00e9e de lecture estim\u00e9e\" \/>\n\t<meta name=\"twitter:data1\" content=\"2 minutes\" \/>\n<script type=\"application\/ld+json\" class=\"yoast-schema-graph\">{\"@context\":\"https:\/\/schema.org\",\"@graph\":[{\"@type\":\"WebPage\",\"@id\":\"https:\/\/www.zonesismique.com\/portfolio\/contact\/\",\"url\":\"https:\/\/www.zonesismique.com\/portfolio\/contact\/\",\"name\":\"Contact - _- Zone Sismique : Design &amp; Visualisation 3d photor\u00e9aliste -_\",\"isPartOf\":{\"@id\":\"https:\/\/www.zonesismique.com\/portfolio\/#website\"},\"datePublished\":\"2015-03-26T17:58:51+00:00\",\"dateModified\":\"2024-05-06T19:04:04+00:00\",\"description\":\"Vous avez des questions pour Zone Sismique? Nos services en 3D photor\u00e9alistes vous int\u00e9ressent? Nous-sommes \u00e0 l'\u00e9coute! Contacter-nous aujourd'hui !\",\"breadcrumb\":{\"@id\":\"https:\/\/www.zonesismique.com\/portfolio\/contact\/#breadcrumb\"},\"inLanguage\":\"fr-FR\",\"potentialAction\":[{\"@type\":\"ReadAction\",\"target\":[\"https:\/\/www.zonesismique.com\/portfolio\/contact\/\"]}]},{\"@type\":\"BreadcrumbList\",\"@id\":\"https:\/\/www.zonesismique.com\/portfolio\/contact\/#breadcrumb\",\"itemListElement\":[{\"@type\":\"ListItem\",\"position\":1,\"name\":\"Accueil\",\"item\":\"https:\/\/www.zonesismique.com\/portfolio\/\"},{\"@type\":\"ListItem\",\"position\":2,\"name\":\"Contact\"}]},{\"@type\":\"WebSite\",\"@id\":\"https:\/\/www.zonesismique.com\/portfolio\/#website\",\"url\":\"https:\/\/www.zonesismique.com\/portfolio\/\",\"name\":\"_- Zone Sismique : Design &amp; Visualisation 3d photor\u00e9aliste -_\",\"description\":\"Services de mod\u00e9lisation 3d, animation 3d et rendu 3d photor\u00e9aliste par Zone Sismique.\",\"publisher\":{\"@id\":\"https:\/\/www.zonesismique.com\/portfolio\/#organization\"},\"potentialAction\":[{\"@type\":\"SearchAction\",\"target\":{\"@type\":\"EntryPoint\",\"urlTemplate\":\"https:\/\/www.zonesismique.com\/portfolio\/?s={search_term_string}\"},\"query-input\":{\"@type\":\"PropertyValueSpecification\",\"valueRequired\":true,\"valueName\":\"search_term_string\"}}],\"inLanguage\":\"fr-FR\"},{\"@type\":\"Organization\",\"@id\":\"https:\/\/www.zonesismique.com\/portfolio\/#organization\",\"name\":\"Zone Sismique\",\"url\":\"https:\/\/www.zonesismique.com\/portfolio\/\",\"logo\":{\"@type\":\"ImageObject\",\"inLanguage\":\"fr-FR\",\"@id\":\"https:\/\/www.zonesismique.com\/portfolio\/#\/schema\/logo\/image\/\",\"url\":\"https:\/\/www.zonesismique.com\/portfolio\/wp-content\/uploads\/2017\/04\/zone-sismique-logo-2017-entete-large2.png\",\"contentUrl\":\"https:\/\/www.zonesismique.com\/portfolio\/wp-content\/uploads\/2017\/04\/zone-sismique-logo-2017-entete-large2.png\",\"width\":500,\"height\":157,\"caption\":\"Zone Sismique\"},\"image\":{\"@id\":\"https:\/\/www.zonesismique.com\/portfolio\/#\/schema\/logo\/image\/\"},\"sameAs\":[\"https:\/\/www.facebook.com\/zonesismique\",\"https:\/\/x.com\/carlplante\",\"https:\/\/www.linkedin.com\/in\/carlplante\",\"http:\/\/www.pinterest.com\/carlplante\/\"]}]}<\/script>\n<!-- \/ Yoast SEO plugin. -->","yoast_head_json":{"title":"Contact - _- Zone Sismique : Design &amp; Visualisation 3d photor\u00e9aliste -_","description":"Vous avez des questions pour Zone Sismique? Nos services en 3D photor\u00e9alistes vous int\u00e9ressent? Nous-sommes \u00e0 l'\u00e9coute! Contacter-nous aujourd'hui !","robots":{"index":"index","follow":"follow","max-snippet":"max-snippet:-1","max-image-preview":"max-image-preview:large","max-video-preview":"max-video-preview:-1"},"canonical":"https:\/\/www.zonesismique.com\/portfolio\/contact\/","og_locale":"fr_FR","og_type":"article","og_title":"Contact - _- Zone Sismique : Design &amp; Visualisation 3d photor\u00e9aliste -_","og_description":"Vous avez des questions pour Zone Sismique? Nos services en 3D photor\u00e9alistes vous int\u00e9ressent? Nous-sommes \u00e0 l'\u00e9coute! Contacter-nous aujourd'hui !","og_url":"https:\/\/www.zonesismique.com\/portfolio\/contact\/","og_site_name":"_- Zone Sismique : Design &amp; Visualisation 3d photor\u00e9aliste -_","article_publisher":"https:\/\/www.facebook.com\/zonesismique","article_modified_time":"2024-05-06T19:04:04+00:00","og_image":[{"width":500,"height":157,"url":"https:\/\/www.zonesismique.com\/portfolio\/wp-content\/uploads\/2017\/04\/zone-sismique-logo-2017-entete-large2.png","type":"image\/png"}],"twitter_card":"summary_large_image","twitter_site":"@carlplante","twitter_misc":{"Dur\u00e9e de lecture estim\u00e9e":"2 minutes"},"schema":{"@context":"https:\/\/schema.org","@graph":[{"@type":"WebPage","@id":"https:\/\/www.zonesismique.com\/portfolio\/contact\/","url":"https:\/\/www.zonesismique.com\/portfolio\/contact\/","name":"Contact - _- Zone Sismique : Design &amp; Visualisation 3d photor\u00e9aliste -_","isPartOf":{"@id":"https:\/\/www.zonesismique.com\/portfolio\/#website"},"datePublished":"2015-03-26T17:58:51+00:00","dateModified":"2024-05-06T19:04:04+00:00","description":"Vous avez des questions pour Zone Sismique? Nos services en 3D photor\u00e9alistes vous int\u00e9ressent? Nous-sommes \u00e0 l'\u00e9coute! Contacter-nous aujourd'hui !","breadcrumb":{"@id":"https:\/\/www.zonesismique.com\/portfolio\/contact\/#breadcrumb"},"inLanguage":"fr-FR","potentialAction":[{"@type":"ReadAction","target":["https:\/\/www.zonesismique.com\/portfolio\/contact\/"]}]},{"@type":"BreadcrumbList","@id":"https:\/\/www.zonesismique.com\/portfolio\/contact\/#breadcrumb","itemListElement":[{"@type":"ListItem","position":1,"name":"Accueil","item":"https:\/\/www.zonesismique.com\/portfolio\/"},{"@type":"ListItem","position":2,"name":"Contact"}]},{"@type":"WebSite","@id":"https:\/\/www.zonesismique.com\/portfolio\/#website","url":"https:\/\/www.zonesismique.com\/portfolio\/","name":"_- Zone Sismique : Design &amp; Visualisation 3d photor\u00e9aliste -_","description":"Services de mod\u00e9lisation 3d, animation 3d et rendu 3d photor\u00e9aliste par Zone Sismique.","publisher":{"@id":"https:\/\/www.zonesismique.com\/portfolio\/#organization"},"potentialAction":[{"@type":"SearchAction","target":{"@type":"EntryPoint","urlTemplate":"https:\/\/www.zonesismique.com\/portfolio\/?s={search_term_string}"},"query-input":{"@type":"PropertyValueSpecification","valueRequired":true,"valueName":"search_term_string"}}],"inLanguage":"fr-FR"},{"@type":"Organization","@id":"https:\/\/www.zonesismique.com\/portfolio\/#organization","name":"Zone Sismique","url":"https:\/\/www.zonesismique.com\/portfolio\/","logo":{"@type":"ImageObject","inLanguage":"fr-FR","@id":"https:\/\/www.zonesismique.com\/portfolio\/#\/schema\/logo\/image\/","url":"https:\/\/www.zonesismique.com\/portfolio\/wp-content\/uploads\/2017\/04\/zone-sismique-logo-2017-entete-large2.png","contentUrl":"https:\/\/www.zonesismique.com\/portfolio\/wp-content\/uploads\/2017\/04\/zone-sismique-logo-2017-entete-large2.png","width":500,"height":157,"caption":"Zone Sismique"},"image":{"@id":"https:\/\/www.zonesismique.com\/portfolio\/#\/schema\/logo\/image\/"},"sameAs":["https:\/\/www.facebook.com\/zonesismique","https:\/\/x.com\/carlplante","https:\/\/www.linkedin.com\/in\/carlplante","http:\/\/www.pinterest.com\/carlplante\/"]}]}},"_links":{"self":[{"href":"https:\/\/www.zonesismique.com\/portfolio\/wp-json\/wp\/v2\/pages\/1994","targetHints":{"allow":["GET"]}}],"collection":[{"href":"https:\/\/www.zonesismique.com\/portfolio\/wp-json\/wp\/v2\/pages"}],"about":[{"href":"https:\/\/www.zonesismique.com\/portfolio\/wp-json\/wp\/v2\/types\/page"}],"author":[{"embeddable":true,"href":"https:\/\/www.zonesismique.com\/portfolio\/wp-json\/wp\/v2\/users\/1"}],"replies":[{"embeddable":true,"href":"https:\/\/www.zonesismique.com\/portfolio\/wp-json\/wp\/v2\/comments?post=1994"}],"version-history":[{"count":104,"href":"https:\/\/www.zonesismique.com\/portfolio\/wp-json\/wp\/v2\/pages\/1994\/revisions"}],"predecessor-version":[{"id":6447,"href":"https:\/\/www.zonesismique.com\/portfolio\/wp-json\/wp\/v2\/pages\/1994\/revisions\/6447"}],"wp:attachment":[{"href":"https:\/\/www.zonesismique.com\/portfolio\/wp-json\/wp\/v2\/media?parent=1994"}],"curies":[{"name":"wp","href":"https:\/\/api.w.org\/{rel}","templated":true}]}}