{"id":4942,"date":"2017-05-03T09:47:50","date_gmt":"2017-05-03T14:47:50","guid":{"rendered":"http:\/\/www.zonesismique.com\/portfolio\/?page_id=4942"},"modified":"2020-01-28T09:17:23","modified_gmt":"2020-01-28T14:17:23","slug":"services","status":"publish","type":"page","link":"https:\/\/www.zonesismique.com\/portfolio\/services\/","title":{"rendered":"Services"},"content":{"rendered":"<section  class=\"content-section full-width with-col cover pt-70 pb-70 pt-xs-50 pb-xs-50 rella-no-margin    content-section-69f3b218c4777\"><div class=\"row vc_row-fluid\"><div class=\"wpb_column col-md-12\"><h2  class=\"section-title  mb-70 mb-sm-40 font-alt align-center\" >Services<\/h2><section  class=\"content-section full-width with-col cover rella-no-padding rella-no-margin    content-section-69f3b218c4bfb\"><div class=\"row vc_row-fluid\"><div class=\"wpb_column col-md-12\"><div class=\"section-text text-block text-service align-center\" ><p>Notre sp\u00e9cialisation est la <strong>pr\u00e9sentation visuelle 3d<\/strong> pour la promotion dans tous vos outils marketing et communication. Elle se caract\u00e9rise par la <strong>mod\u00e9lisation 3d<\/strong> ainsi que la r\u00e9alisation d&rsquo;<strong>images 3d photor\u00e9alistes<\/strong> \u00e0 partir de vos id\u00e9es, produits et projets de toutes envergures dans diff\u00e9rents domaines tels que le manufacturier, l&rsquo;architecture, l&rsquo;immobilier, le design d&rsquo;int\u00e9rieur, le design industriel&#8230;<\/p>\n<\/div><\/div><\/div><\/section><div  class=\"clear rs-space\" style=\"height:40px;\"><\/div><section  class=\"content-section full-width with-col cover rella-no-padding rella-no-margin   titre-section-demarche  content-section-69f3b218c4d45\"><div class=\"row vc_row-fluid\"><div class=\"wpb_column col-md-6\"><div  class=\"full-block align-left\" style=\"margin-top:20px;\"><a href=\"https:\/\/www.zonesismique.com\/portfolio\/wp-content\/uploads\/2019\/01\/zs_Dorem_Proulx_int\u00e9rieur_vue2_v4.jpg\" class=\"lightbox-gallery-2 mfp-image\"><img decoding=\"async\"  src=\"https:\/\/www.zonesismique.com\/portfolio\/wp-content\/uploads\/2019\/01\/zs_Dorem_Proulx_int\u00e9rieur_vue2_v4.jpg\"  width=\"3600\" height=\"48px\" alt=\"\" title=\"\" \/><\/a><\/div><\/div><div class=\"wpb_column col-md-6\"><h2  class=\"section-title  mb-70 mb-sm-40 font-alt align-left\" style=\"font-size:14px;margin-bottom:20px;\">Rendu Int\u00e9rieur 3D<\/h2><div class=\"section-text text-block \" ><p style=\"text-align: left\">La cr\u00e9ation de perspectives\u00a03d d&rsquo;int\u00e9rieur peut se faire \u00e0 partir de vos plans 2d ou m\u00eame une esquisse \u00e0 la main avec photos d&rsquo;inspirations ou simplement laisser le soin \u00e0 notre \u00e9quipe de vous cr\u00e9er des int\u00e9rieurs inspirants! Nous pouvons ainsi vous cr\u00e9er une ambiance chaleureuse adapt\u00e9e \u00e0 vos besoins pour toutes les pi\u00e8ces de votre maison, condominium, \u00e9difice ou pour bien pr\u00e9senter votre produit, et ce dans l&rsquo;angle de vue d\u00e9sir\u00e9e.<\/p>\n<\/div><\/div><\/div><\/section><div  class=\"clear rs-space\" style=\"height:75px;\"><\/div><section  class=\"content-section full-width with-col cover rella-no-padding rella-no-margin    content-section-69f3b218c5184\"><div class=\"row vc_row-fluid\"><div class=\"wpb_column col-md-6\"><h2  class=\"section-title  mb-70 mb-sm-40 font-alt align-left\" style=\"font-size:14px;margin-bottom:20px;\">RENDU ARCHITECTURAL<\/h2><div class=\"section-text text-block align-left\" ><p style=\"text-align: left\">\u00c0 partir de vos plans d&rsquo;architecture et d&rsquo;images de mat\u00e9riaux que vous voudriez utiliser, nous cr\u00e9ons des rendus 3d architecturaux de vos projets immobiliers de toutes sortes; r\u00e9sidences, condominiums, b\u00e2tisses commerciales, \u00e9difices, immeubles&#8230; Pour que vous puissiez bien le visualiser avant sa construction et ainsi le mettre en valeur et faire la promotion de\u00a0votre projet avec des images \u00e9poustouflantes.<\/p>\n<\/div><\/div><div class=\"wpb_column col-md-6\"><div  class=\"full-block align-left\" style=\"margin-top:20px;\"><a href=\"https:\/\/www.zonesismique.com\/portfolio\/wp-content\/uploads\/2020\/01\/zones-sismique-Maison-usin\u00e9es-C\u00f4t\u00e9-maison-SM02-3d-exterieur-ste-marthe-sur-le-lac.jpg\" class=\"lightbox-gallery-2 mfp-image\"><img decoding=\"async\"  src=\"https:\/\/www.zonesismique.com\/portfolio\/wp-content\/uploads\/2020\/01\/zones-sismique-Maison-usin\u00e9es-C\u00f4t\u00e9-maison-SM02-3d-exterieur-ste-marthe-sur-le-lac.jpg\"  width=\"1800\" height=\"48px\" alt=\"\" title=\"\" \/><\/a><\/div><\/div><\/div><\/section><div  class=\"clear rs-space\" style=\"height:75px;\"><\/div><section  class=\"content-section full-width with-col cover rella-no-padding rella-no-margin    content-section-69f3b218c54d2\"><div class=\"row vc_row-fluid\"><div class=\"wpb_column col-md-6\"><div  class=\"full-block align-left\" style=\"margin-top:20px;\"><a href=\"https:\/\/www.zonesismique.com\/portfolio\/wp-content\/uploads\/2015\/03\/zone-sismique-Equation-Humaine-montre-adidas-smartrun-v2.jpg\" class=\"lightbox-gallery-2 mfp-image\"><img decoding=\"async\"  src=\"https:\/\/www.zonesismique.com\/portfolio\/wp-content\/uploads\/2015\/03\/zone-sismique-Equation-Humaine-montre-adidas-smartrun-v2.jpg\"  width=\"1600\" height=\"48px\" alt=\"\" title=\"\" \/><\/a><\/div><\/div><div class=\"wpb_column col-md-6\"><h2  class=\"section-title  mb-70 mb-sm-40 font-alt align-left\" style=\"font-size:14px;margin-bottom:20px;\">Rendu Produit 3D<\/h2><div class=\"section-text text-block align-left\" ><p style=\"text-align: left\">La mod\u00e9lisation et rendus 3d photor\u00e9alistes de vos produits peuvent se r\u00e9aliser selon vos besoins, en partant de\u00a0vos plans techniques, photos ou\u00a0esquisses\u00a0avec dimensions. Nous pouvons les pr\u00e9senter dans diff\u00e9rentes textures, couleurs ou \u00e9clairages, sur\u00a0un fond blanc ou leur cr\u00e9er une ambiance appropri\u00e9e pour bien les mettre en valeur.<\/p>\n<\/div><\/div><\/div><\/section><div  class=\"clear rs-space\" style=\"height:75px;\"><\/div><section  class=\"content-section full-width with-col cover rella-no-padding rella-no-margin    content-section-69f3b218c5869\"><div class=\"row vc_row-fluid\"><div class=\"wpb_column col-md-6\"><h2  class=\"section-title  mb-70 mb-sm-40 font-alt align-left\" style=\"font-size:14px;margin-bottom:20px;\">Animation 3D<\/h2><div class=\"section-text text-block \" ><p style=\"text-align: left\">Besoin d&rsquo;une animation 3d d&rsquo;un projet ou d&rsquo;un produit pour\u00a0en faire la promotion dans un site web, une vid\u00e9o\u00a0ou une pr\u00e9sentation pour s\u00e9duire votre auditoire? Nous r\u00e9aliserons l&rsquo;animation pour que vous puissiez bien repr\u00e9senter votre projet. Vous avez des id\u00e9es, nous avons les solutions.<\/p>\n<\/div><\/div><div class=\"wpb_column col-md-6\"><div class=\"section-text text-block \" ><div style=\"width: 640px;\" class=\"wp-video\"><video class=\"wp-video-shortcode\" id=\"video-4942-1\" width=\"640\" height=\"360\" preload=\"metadata\" controls=\"controls\"><source type=\"video\/mp4\" src=\"\/\/www.zonesismique.com\/portfolio\/wp-content\/uploads\/2017\/03\/zone-sismique-beaudoin-lit-Metal-3d-Animation.mp4?_=1\" \/><a href=\"\/\/www.zonesismique.com\/portfolio\/wp-content\/uploads\/2017\/03\/zone-sismique-beaudoin-lit-Metal-3d-Animation.mp4\">\/\/www.zonesismique.com\/portfolio\/wp-content\/uploads\/2017\/03\/zone-sismique-beaudoin-lit-Metal-3d-Animation.mp4<\/a><\/video><\/div>\n<\/div><\/div><\/div><\/section><div  class=\"clear rs-space\" style=\"height:75px;\"><\/div><section  class=\"content-section full-width with-col cover rella-no-padding rella-no-margin    content-section-69f3b218c5c48\"><div class=\"row vc_row-fluid\"><div class=\"wpb_column col-md-6\"><div class=\"section-text text-block \"  id=\"service-vr\">\n    <iframe loading=\"lazy\" width=\"545\" height=\"347\" scrolling=\"no\" allowfullscreen src=\"https:\/\/www.zonesismique.com\/portfolio\/wp-content\/plugins\/wp-vr-view\/asset\/index.html?image=\/\/www.zonesismique.com\/portfolio\/wp-content\/uploads\/2019\/01\/zs_simcor_360_chambre_1_v4.jpg&is_stereo=false\"><\/iframe>\n\n  \n<\/div><\/div><div class=\"wpb_column col-md-6\"><h2  class=\"section-title  mb-70 mb-sm-40 font-alt align-left\" style=\"font-size:14px;margin-bottom:20px;\">Visite virtuelle \/ 360<\/h2><div class=\"section-text text-block \" ><p style=\"text-align: left\">Une fois les pi\u00e8ces d&rsquo;int\u00e9rieur con\u00e7ues en 3d, il devient possible d&rsquo;en cr\u00e9er une visite virtuelle \u00e0 360 degr\u00e9 pour que vous puissiez pr\u00e9senter vos espaces comme si vous y \u00e9tiez! La technologie 3d immersive am\u00e9liore grandement\u00a0l&rsquo;exp\u00e9rience client.<\/p>\n<\/div><\/div><\/div><\/section><div  class=\"clear rs-space\" style=\"height:75px;\"><\/div><section  class=\"content-section full-width with-col cover rella-no-padding rella-no-margin    content-section-69f3b218c5ea8\"><div class=\"row vc_row-fluid\"><div class=\"wpb_column col-md-6\"><h2  class=\"section-title  mb-70 mb-sm-40 font-alt align-left\" style=\"font-size:14px;margin-bottom:20px;\">PLAN 2D \/ 3D<\/h2><div class=\"section-text text-block align-left\" ><p style=\"text-align: left\">La pr\u00e9sentation d&rsquo;un plan de plancher 2d ou 3d aide vos prochains acheteurs \u00e0 visualiser leur int\u00e9rieur selon les plans avec dimensions et emplacement des pi\u00e8ces tout en donnant une bonne vue d&rsquo;ensemble. Nous pouvons cr\u00e9er un plan 2d en couleur avec du mobilier pour bien repr\u00e9senter vos diff\u00e9rentes pi\u00e8ces, ou passer au 3d pour avoir une repr\u00e9sentation plus r\u00e9aliste de l&rsquo;int\u00e9rieur de la future demeure. On peut \u00e9galement\u00a0faire des vues en perspective plus facilement par la suite!<\/p>\n<\/div><\/div><div class=\"wpb_column col-md-6\"><div class=\"section-text text-block \" ><div class=\"juxtapose\"><img decoding=\"async\" src=\"\/\/www.zonesismique.com\/portfolio\/wp-content\/uploads\/2019\/02\/zs_Habitex_maison_24x36_interieur_Plan.jpg\" alt=\"\" \/><img decoding=\"async\" src=\"\/\/www.zonesismique.com\/portfolio\/wp-content\/uploads\/2017\/05\/zone-sismique-Habitex-construction-maison-24x36_garage-interieur-3d_v1.jpg\" alt=\"\" \/><\/div>\n<\/div><\/div><\/div><\/section><div  class=\"clear rs-space\" style=\"height:75px;\"><\/div><section  class=\"content-section full-width with-col cover rella-no-padding rella-no-margin    content-section-69f3b218c626c\"><div class=\"row vc_row-fluid\"><div class=\"wpb_column col-md-6\">[vc_raw_html]JTNDZGl2JTIwY2xhc3MlM0QlMjJza2V0Y2hmYWItZW1iZWQtd3JhcHBlciUyMiUzRSUwQSUwQSUzQ2lmcmFtZSUyMHdpZHRoJTNEJTIyMTAwJTI1JTIyJTIwaGVpZ2h0JTNEJTIyNDUwJTIyJTIwc3JjJTNEJTIyaHR0cHMlM0ElMkYlMkZza2V0Y2hmYWIuY29tJTJGbW9kZWxzJTJGNzczNzJmMzE4OWNkNDFiMWJhNzAwOWFmZjVkYzZkMmIlMkZlbWJlZCUyMiUyMGZyYW1lYm9yZGVyJTNEJTIyMCUyMiUyMGFsbG93JTNEJTIyYXV0b3BsYXklM0IlMjBmdWxsc2NyZWVuJTNCJTIwdnIlMjIlMjBtb3phbGxvd2Z1bGxzY3JlZW4lM0QlMjJ0cnVlJTIyJTIwd2Via2l0YWxsb3dmdWxsc2NyZWVuJTNEJTIydHJ1ZSUyMiUzRSUzQyUyRmlmcmFtZSUzRSUwQSUwQSUzQyUyRmRpdiUzRQ==[\/vc_raw_html]<\/div><div class=\"wpb_column col-md-6\"><h2  class=\"section-title  mb-70 mb-sm-40 font-alt align-left\" style=\"font-size:14px;margin-bottom:20px;\">Visualisation 3d en temps r\u00e9el<\/h2><div class=\"section-text text-block \" ><p style=\"text-align: left\">Pour la pr\u00e9sentation d&rsquo;un produit ou d&rsquo;un projet en 3d directement sur votre site web en temps r\u00e9el. Nous pouvons mod\u00e9liser votre projet en 3d, le mettre en ligne pour que l&rsquo;utilisateur puisse le tourner pour le voir dans tout les angles et zoomer sur les zones qui l&rsquo;int\u00e9resse.<\/p>\n<\/div><\/div><\/div><\/section><div  class=\"clear rs-space\" style=\"height:75px;\"><\/div><\/div><\/div><\/section>\n","protected":false},"excerpt":{"rendered":"ServicesNotre sp\u00e9cialisation est la pr\u00e9sentation visuelle 3d pour la promotion dans tous vos outils marketing et communication. Elle se caract\u00e9rise par la mod\u00e9lisation 3d ainsi que la r\u00e9alisation d'images 3d photor\u00e9alistes \u00e0 partir de vos id\u00e9es, produits et projets de toutes envergures dans diff\u00e9rents domaines tels que le manufacturier, l'architecture, l'immobilier, le design d'int\u00e9rieur, le","protected":false},"author":3,"featured_media":0,"parent":0,"menu_order":0,"comment_status":"closed","ping_status":"closed","template":"","meta":{"_exactmetrics_skip_tracking":false,"_exactmetrics_sitenote_active":false,"_exactmetrics_sitenote_note":"","_exactmetrics_sitenote_category":0,"footnotes":""},"class_list":["post-4942","page","type-page","status-publish","hentry"],"yoast_head":"<!-- This site is optimized with the Yoast SEO plugin v25.2 - https:\/\/yoast.com\/wordpress\/plugins\/seo\/ -->\n<title>Services - _- Zone Sismique : Design &amp; Visualisation 3d photor\u00e9aliste -_<\/title>\n<meta name=\"robots\" content=\"index, follow, max-snippet:-1, max-image-preview:large, max-video-preview:-1\" \/>\n<link rel=\"canonical\" href=\"https:\/\/www.zonesismique.com\/portfolio\/services\/\" \/>\n<meta property=\"og:locale\" content=\"fr_FR\" \/>\n<meta property=\"og:type\" content=\"article\" \/>\n<meta property=\"og:title\" content=\"Services - _- Zone Sismique : Design &amp; Visualisation 3d photor\u00e9aliste -_\" \/>\n<meta property=\"og:url\" content=\"https:\/\/www.zonesismique.com\/portfolio\/services\/\" \/>\n<meta property=\"og:site_name\" content=\"_- Zone Sismique : Design &amp; Visualisation 3d photor\u00e9aliste -_\" \/>\n<meta property=\"article:publisher\" content=\"https:\/\/www.facebook.com\/zonesismique\" \/>\n<meta property=\"article:modified_time\" content=\"2020-01-28T14:17:23+00:00\" \/>\n<meta property=\"og:image\" content=\"https:\/\/www.zonesismique.com\/portfolio\/wp-content\/uploads\/2017\/04\/zone-sismique-logo-2017-entete-large2.png\" \/>\n\t<meta property=\"og:image:width\" content=\"500\" \/>\n\t<meta property=\"og:image:height\" content=\"157\" \/>\n\t<meta property=\"og:image:type\" content=\"image\/png\" \/>\n<meta name=\"twitter:card\" content=\"summary_large_image\" \/>\n<meta name=\"twitter:site\" content=\"@carlplante\" \/>\n<meta name=\"twitter:label1\" content=\"Dur\u00e9e de lecture estim\u00e9e\" \/>\n\t<meta name=\"twitter:data1\" content=\"5 minutes\" \/>\n<script type=\"application\/ld+json\" class=\"yoast-schema-graph\">{\"@context\":\"https:\/\/schema.org\",\"@graph\":[{\"@type\":\"WebPage\",\"@id\":\"https:\/\/www.zonesismique.com\/portfolio\/services\/\",\"url\":\"https:\/\/www.zonesismique.com\/portfolio\/services\/\",\"name\":\"Services - _- Zone Sismique : Design &amp; Visualisation 3d photor\u00e9aliste -_\",\"isPartOf\":{\"@id\":\"https:\/\/www.zonesismique.com\/portfolio\/#website\"},\"datePublished\":\"2017-05-03T14:47:50+00:00\",\"dateModified\":\"2020-01-28T14:17:23+00:00\",\"breadcrumb\":{\"@id\":\"https:\/\/www.zonesismique.com\/portfolio\/services\/#breadcrumb\"},\"inLanguage\":\"fr-FR\",\"potentialAction\":[{\"@type\":\"ReadAction\",\"target\":[\"https:\/\/www.zonesismique.com\/portfolio\/services\/\"]}]},{\"@type\":\"BreadcrumbList\",\"@id\":\"https:\/\/www.zonesismique.com\/portfolio\/services\/#breadcrumb\",\"itemListElement\":[{\"@type\":\"ListItem\",\"position\":1,\"name\":\"Accueil\",\"item\":\"https:\/\/www.zonesismique.com\/portfolio\/\"},{\"@type\":\"ListItem\",\"position\":2,\"name\":\"Services\"}]},{\"@type\":\"WebSite\",\"@id\":\"https:\/\/www.zonesismique.com\/portfolio\/#website\",\"url\":\"https:\/\/www.zonesismique.com\/portfolio\/\",\"name\":\"_- Zone Sismique : Design &amp; Visualisation 3d photor\u00e9aliste -_\",\"description\":\"Services de mod\u00e9lisation 3d, animation 3d et rendu 3d photor\u00e9aliste par Zone Sismique.\",\"publisher\":{\"@id\":\"https:\/\/www.zonesismique.com\/portfolio\/#organization\"},\"potentialAction\":[{\"@type\":\"SearchAction\",\"target\":{\"@type\":\"EntryPoint\",\"urlTemplate\":\"https:\/\/www.zonesismique.com\/portfolio\/?s={search_term_string}\"},\"query-input\":{\"@type\":\"PropertyValueSpecification\",\"valueRequired\":true,\"valueName\":\"search_term_string\"}}],\"inLanguage\":\"fr-FR\"},{\"@type\":\"Organization\",\"@id\":\"https:\/\/www.zonesismique.com\/portfolio\/#organization\",\"name\":\"Zone Sismique\",\"url\":\"https:\/\/www.zonesismique.com\/portfolio\/\",\"logo\":{\"@type\":\"ImageObject\",\"inLanguage\":\"fr-FR\",\"@id\":\"https:\/\/www.zonesismique.com\/portfolio\/#\/schema\/logo\/image\/\",\"url\":\"https:\/\/www.zonesismique.com\/portfolio\/wp-content\/uploads\/2017\/04\/zone-sismique-logo-2017-entete-large2.png\",\"contentUrl\":\"https:\/\/www.zonesismique.com\/portfolio\/wp-content\/uploads\/2017\/04\/zone-sismique-logo-2017-entete-large2.png\",\"width\":500,\"height\":157,\"caption\":\"Zone Sismique\"},\"image\":{\"@id\":\"https:\/\/www.zonesismique.com\/portfolio\/#\/schema\/logo\/image\/\"},\"sameAs\":[\"https:\/\/www.facebook.com\/zonesismique\",\"https:\/\/x.com\/carlplante\",\"https:\/\/www.linkedin.com\/in\/carlplante\",\"http:\/\/www.pinterest.com\/carlplante\/\"]}]}<\/script>\n<!-- \/ Yoast SEO plugin. -->","yoast_head_json":{"title":"Services - _- Zone Sismique : Design &amp; Visualisation 3d photor\u00e9aliste -_","robots":{"index":"index","follow":"follow","max-snippet":"max-snippet:-1","max-image-preview":"max-image-preview:large","max-video-preview":"max-video-preview:-1"},"canonical":"https:\/\/www.zonesismique.com\/portfolio\/services\/","og_locale":"fr_FR","og_type":"article","og_title":"Services - _- Zone Sismique : Design &amp; Visualisation 3d photor\u00e9aliste -_","og_url":"https:\/\/www.zonesismique.com\/portfolio\/services\/","og_site_name":"_- Zone Sismique : Design &amp; Visualisation 3d photor\u00e9aliste -_","article_publisher":"https:\/\/www.facebook.com\/zonesismique","article_modified_time":"2020-01-28T14:17:23+00:00","og_image":[{"width":500,"height":157,"url":"https:\/\/www.zonesismique.com\/portfolio\/wp-content\/uploads\/2017\/04\/zone-sismique-logo-2017-entete-large2.png","type":"image\/png"}],"twitter_card":"summary_large_image","twitter_site":"@carlplante","twitter_misc":{"Dur\u00e9e de lecture estim\u00e9e":"5 minutes"},"schema":{"@context":"https:\/\/schema.org","@graph":[{"@type":"WebPage","@id":"https:\/\/www.zonesismique.com\/portfolio\/services\/","url":"https:\/\/www.zonesismique.com\/portfolio\/services\/","name":"Services - _- Zone Sismique : Design &amp; Visualisation 3d photor\u00e9aliste -_","isPartOf":{"@id":"https:\/\/www.zonesismique.com\/portfolio\/#website"},"datePublished":"2017-05-03T14:47:50+00:00","dateModified":"2020-01-28T14:17:23+00:00","breadcrumb":{"@id":"https:\/\/www.zonesismique.com\/portfolio\/services\/#breadcrumb"},"inLanguage":"fr-FR","potentialAction":[{"@type":"ReadAction","target":["https:\/\/www.zonesismique.com\/portfolio\/services\/"]}]},{"@type":"BreadcrumbList","@id":"https:\/\/www.zonesismique.com\/portfolio\/services\/#breadcrumb","itemListElement":[{"@type":"ListItem","position":1,"name":"Accueil","item":"https:\/\/www.zonesismique.com\/portfolio\/"},{"@type":"ListItem","position":2,"name":"Services"}]},{"@type":"WebSite","@id":"https:\/\/www.zonesismique.com\/portfolio\/#website","url":"https:\/\/www.zonesismique.com\/portfolio\/","name":"_- Zone Sismique : Design &amp; Visualisation 3d photor\u00e9aliste -_","description":"Services de mod\u00e9lisation 3d, animation 3d et rendu 3d photor\u00e9aliste par Zone Sismique.","publisher":{"@id":"https:\/\/www.zonesismique.com\/portfolio\/#organization"},"potentialAction":[{"@type":"SearchAction","target":{"@type":"EntryPoint","urlTemplate":"https:\/\/www.zonesismique.com\/portfolio\/?s={search_term_string}"},"query-input":{"@type":"PropertyValueSpecification","valueRequired":true,"valueName":"search_term_string"}}],"inLanguage":"fr-FR"},{"@type":"Organization","@id":"https:\/\/www.zonesismique.com\/portfolio\/#organization","name":"Zone Sismique","url":"https:\/\/www.zonesismique.com\/portfolio\/","logo":{"@type":"ImageObject","inLanguage":"fr-FR","@id":"https:\/\/www.zonesismique.com\/portfolio\/#\/schema\/logo\/image\/","url":"https:\/\/www.zonesismique.com\/portfolio\/wp-content\/uploads\/2017\/04\/zone-sismique-logo-2017-entete-large2.png","contentUrl":"https:\/\/www.zonesismique.com\/portfolio\/wp-content\/uploads\/2017\/04\/zone-sismique-logo-2017-entete-large2.png","width":500,"height":157,"caption":"Zone Sismique"},"image":{"@id":"https:\/\/www.zonesismique.com\/portfolio\/#\/schema\/logo\/image\/"},"sameAs":["https:\/\/www.facebook.com\/zonesismique","https:\/\/x.com\/carlplante","https:\/\/www.linkedin.com\/in\/carlplante","http:\/\/www.pinterest.com\/carlplante\/"]}]}},"_links":{"self":[{"href":"https:\/\/www.zonesismique.com\/portfolio\/wp-json\/wp\/v2\/pages\/4942","targetHints":{"allow":["GET"]}}],"collection":[{"href":"https:\/\/www.zonesismique.com\/portfolio\/wp-json\/wp\/v2\/pages"}],"about":[{"href":"https:\/\/www.zonesismique.com\/portfolio\/wp-json\/wp\/v2\/types\/page"}],"author":[{"embeddable":true,"href":"https:\/\/www.zonesismique.com\/portfolio\/wp-json\/wp\/v2\/users\/3"}],"replies":[{"embeddable":true,"href":"https:\/\/www.zonesismique.com\/portfolio\/wp-json\/wp\/v2\/comments?post=4942"}],"version-history":[{"count":29,"href":"https:\/\/www.zonesismique.com\/portfolio\/wp-json\/wp\/v2\/pages\/4942\/revisions"}],"predecessor-version":[{"id":5811,"href":"https:\/\/www.zonesismique.com\/portfolio\/wp-json\/wp\/v2\/pages\/4942\/revisions\/5811"}],"wp:attachment":[{"href":"https:\/\/www.zonesismique.com\/portfolio\/wp-json\/wp\/v2\/media?parent=4942"}],"curies":[{"name":"wp","href":"https:\/\/api.w.org\/{rel}","templated":true}]}}